{"id":1087,"date":"2022-01-24T07:15:26","date_gmt":"2022-01-24T07:15:26","guid":{"rendered":"https:\/\/behindagreatproject.com\/?page_id=1087"},"modified":"2022-01-24T07:15:26","modified_gmt":"2022-01-24T07:15:26","slug":"dentro-hilos","status":"publish","type":"page","link":"https:\/\/behindagreatproject.com\/es\/dentro-hilos\/","title":{"rendered":"Dentro hilos"},"content":{"rendered":"<p>Aqu\u00ed est\u00e1 la parte de historietas de este proyecto de divulgaci\u00f3n. Contamos en Twitter, con el caracter\u00edstico formato de hilo, historias relacionadas con la ingenier\u00eda civil estructural, de una manera sencilla y accesible.<\/p>\n<p>Dentro hilos:<\/p>\n<p><a href=\"https:\/\/twitter.com\/BehindAGProject\/status\/1392893102701035520?s=20\" target=\"_blank\" rel=\"noopener\">1. Las 9 d\u00e9cadas del Empire State Building<\/a><\/p>\n<p><a href=\"https:\/\/twitter.com\/BehindAGProject\/status\/1434946609129955335?s=20\">2. J\u00f6rg Schlaich. Uno de los ingenieros a conocer del s.XX.<\/a><\/p>\n<p><a href=\"https:\/\/twitter.com\/BehindAGProject\/status\/1437891367930408960?s=20\">3. 9\/11. La perspectiva del ingeniero de las Torres Gemelas.<\/a><\/p>\n<p><a href=\"https:\/\/twitter.com\/BehindAGProject\/status\/1476315228342206465?s=20\">4. La ingenier\u00eda en el cuadro \u00abLa Anunciaci\u00f3n\u00bb de Fra Angelico.<\/a><\/p>\n<p><a href=\"https:\/\/twitter.com\/BehindAGProject\/status\/1469060614257582082?s=20\">5. Las Exposiciones Universales.<\/a><\/p>\n<p><a href=\"https:\/\/twitter.com\/BehindAGProject\/status\/1480973451099881483?s=20\">6. Vuelta por las estructuras de Nueva York con Spiderman.<\/a><\/p>\n<p><a href=\"https:\/\/twitter.com\/BehindAGProject\/status\/1483544428274978826?s=20\">7. Lo que aprendo de ingenier\u00eda en mis viajes: Holanda y B\u00e9lgica.<\/a><\/p>\n","protected":false},"excerpt":{"rendered":"<p>Aqu\u00ed est\u00e1 la parte de historietas de este proyecto de divulgaci\u00f3n. Contamos en Twitter, con el caracter\u00edstico formato de hilo, historias relacionadas con la ingenier\u00eda civil estructural, de una manera sencilla y accesible. Dentro hilos: 1. Las 9 d\u00e9cadas del Empire State Building 2. J\u00f6rg Schlaich. Uno de los ingenieros a conocer del s.XX. 3. [&hellip;]<\/p>\n","protected":false},"author":2,"featured_media":0,"parent":0,"menu_order":0,"comment_status":"closed","ping_status":"closed","template":"","meta":{"_acf_changed":false,"footnotes":""},"class_list":["post-1087","page","type-page","status-publish","hentry"],"acf":[],"yoast_head":"<!-- This site is optimized with the Yoast SEO plugin v26.1.1 - https:\/\/yoast.com\/wordpress\/plugins\/seo\/ -->\n<title>Dentro hilos - Behind a Great Project<\/title>\n<meta name=\"robots\" content=\"index, follow, max-snippet:-1, max-image-preview:large, max-video-preview:-1\" \/>\n<link rel=\"canonical\" href=\"https:\/\/behindagreatproject.com\/es\/dentro-hilos\/\" \/>\n<meta property=\"og:locale\" content=\"es_ES\" \/>\n<meta property=\"og:type\" content=\"article\" \/>\n<meta property=\"og:title\" content=\"Dentro hilos - Behind a Great Project\" \/>\n<meta property=\"og:description\" content=\"Aqu\u00ed est\u00e1 la parte de historietas de este proyecto de divulgaci\u00f3n. Contamos en Twitter, con el caracter\u00edstico formato de hilo, historias relacionadas con la ingenier\u00eda civil estructural, de una manera sencilla y accesible. Dentro hilos: 1. Las 9 d\u00e9cadas del Empire State Building 2. J\u00f6rg Schlaich. Uno de los ingenieros a conocer del s.XX. 3. [&hellip;]\" \/>\n<meta property=\"og:url\" content=\"https:\/\/behindagreatproject.com\/es\/dentro-hilos\/\" \/>\n<meta property=\"og:site_name\" content=\"Behind a Great Project\" \/>\n<meta name=\"twitter:card\" content=\"summary_large_image\" \/>\n<meta name=\"twitter:label1\" content=\"Tiempo de lectura\" \/>\n\t<meta name=\"twitter:data1\" content=\"1 minuto\" \/>\n<script type=\"application\/ld+json\" class=\"yoast-schema-graph\">{\"@context\":\"https:\/\/schema.org\",\"@graph\":[{\"@type\":\"WebPage\",\"@id\":\"https:\/\/behindagreatproject.com\/es\/dentro-hilos\/\",\"url\":\"https:\/\/behindagreatproject.com\/es\/dentro-hilos\/\",\"name\":\"Dentro hilos - Behind a Great Project\",\"isPartOf\":{\"@id\":\"https:\/\/behindagreatproject.com\/es\/#website\"},\"datePublished\":\"2022-01-24T07:15:26+00:00\",\"breadcrumb\":{\"@id\":\"https:\/\/behindagreatproject.com\/es\/dentro-hilos\/#breadcrumb\"},\"inLanguage\":\"es\",\"potentialAction\":[{\"@type\":\"ReadAction\",\"target\":[\"https:\/\/behindagreatproject.com\/es\/dentro-hilos\/\"]}]},{\"@type\":\"BreadcrumbList\",\"@id\":\"https:\/\/behindagreatproject.com\/es\/dentro-hilos\/#breadcrumb\",\"itemListElement\":[{\"@type\":\"ListItem\",\"position\":1,\"name\":\"Home\",\"item\":\"https:\/\/behindagreatproject.com\/es\/\"},{\"@type\":\"ListItem\",\"position\":2,\"name\":\"Dentro hilos\"}]},{\"@type\":\"WebSite\",\"@id\":\"https:\/\/behindagreatproject.com\/es\/#website\",\"url\":\"https:\/\/behindagreatproject.com\/es\/\",\"name\":\"Behind a Great Project\",\"description\":\"Great Engineering around the World\",\"potentialAction\":[{\"@type\":\"SearchAction\",\"target\":{\"@type\":\"EntryPoint\",\"urlTemplate\":\"https:\/\/behindagreatproject.com\/es\/?s={search_term_string}\"},\"query-input\":{\"@type\":\"PropertyValueSpecification\",\"valueRequired\":true,\"valueName\":\"search_term_string\"}}],\"inLanguage\":\"es\"}]}<\/script>\n<!-- \/ Yoast SEO plugin. -->","yoast_head_json":{"title":"Dentro hilos - Behind a Great Project","robots":{"index":"index","follow":"follow","max-snippet":"max-snippet:-1","max-image-preview":"max-image-preview:large","max-video-preview":"max-video-preview:-1"},"canonical":"https:\/\/behindagreatproject.com\/es\/dentro-hilos\/","og_locale":"es_ES","og_type":"article","og_title":"Dentro hilos - Behind a Great Project","og_description":"Aqu\u00ed est\u00e1 la parte de historietas de este proyecto de divulgaci\u00f3n. Contamos en Twitter, con el caracter\u00edstico formato de hilo, historias relacionadas con la ingenier\u00eda civil estructural, de una manera sencilla y accesible. Dentro hilos: 1. Las 9 d\u00e9cadas del Empire State Building 2. J\u00f6rg Schlaich. Uno de los ingenieros a conocer del s.XX. 3. [&hellip;]","og_url":"https:\/\/behindagreatproject.com\/es\/dentro-hilos\/","og_site_name":"Behind a Great Project","twitter_card":"summary_large_image","twitter_misc":{"Tiempo de lectura":"1 minuto"},"schema":{"@context":"https:\/\/schema.org","@graph":[{"@type":"WebPage","@id":"https:\/\/behindagreatproject.com\/es\/dentro-hilos\/","url":"https:\/\/behindagreatproject.com\/es\/dentro-hilos\/","name":"Dentro hilos - Behind a Great Project","isPartOf":{"@id":"https:\/\/behindagreatproject.com\/es\/#website"},"datePublished":"2022-01-24T07:15:26+00:00","breadcrumb":{"@id":"https:\/\/behindagreatproject.com\/es\/dentro-hilos\/#breadcrumb"},"inLanguage":"es","potentialAction":[{"@type":"ReadAction","target":["https:\/\/behindagreatproject.com\/es\/dentro-hilos\/"]}]},{"@type":"BreadcrumbList","@id":"https:\/\/behindagreatproject.com\/es\/dentro-hilos\/#breadcrumb","itemListElement":[{"@type":"ListItem","position":1,"name":"Home","item":"https:\/\/behindagreatproject.com\/es\/"},{"@type":"ListItem","position":2,"name":"Dentro hilos"}]},{"@type":"WebSite","@id":"https:\/\/behindagreatproject.com\/es\/#website","url":"https:\/\/behindagreatproject.com\/es\/","name":"Behind a Great Project","description":"Great Engineering around the World","potentialAction":[{"@type":"SearchAction","target":{"@type":"EntryPoint","urlTemplate":"https:\/\/behindagreatproject.com\/es\/?s={search_term_string}"},"query-input":{"@type":"PropertyValueSpecification","valueRequired":true,"valueName":"search_term_string"}}],"inLanguage":"es"}]}},"_links":{"self":[{"href":"https:\/\/behindagreatproject.com\/es\/wp-json\/wp\/v2\/pages\/1087","targetHints":{"allow":["GET"]}}],"collection":[{"href":"https:\/\/behindagreatproject.com\/es\/wp-json\/wp\/v2\/pages"}],"about":[{"href":"https:\/\/behindagreatproject.com\/es\/wp-json\/wp\/v2\/types\/page"}],"author":[{"embeddable":true,"href":"https:\/\/behindagreatproject.com\/es\/wp-json\/wp\/v2\/users\/2"}],"replies":[{"embeddable":true,"href":"https:\/\/behindagreatproject.com\/es\/wp-json\/wp\/v2\/comments?post=1087"}],"version-history":[{"count":1,"href":"https:\/\/behindagreatproject.com\/es\/wp-json\/wp\/v2\/pages\/1087\/revisions"}],"predecessor-version":[{"id":1088,"href":"https:\/\/behindagreatproject.com\/es\/wp-json\/wp\/v2\/pages\/1087\/revisions\/1088"}],"wp:attachment":[{"href":"https:\/\/behindagreatproject.com\/es\/wp-json\/wp\/v2\/media?parent=1087"}],"curies":[{"name":"wp","href":"https:\/\/api.w.org\/{rel}","templated":true}]}}