{"id":1317,"date":"2024-02-01T15:52:39","date_gmt":"2024-02-01T15:52:39","guid":{"rendered":"https:\/\/behindagreatproject.com\/visitas\/"},"modified":"2024-02-04T04:31:12","modified_gmt":"2024-02-04T04:31:12","slug":"visits","status":"publish","type":"page","link":"https:\/\/behindagreatproject.com\/es\/visits\/","title":{"rendered":"Visitas"},"content":{"rendered":"\n<h3 class=\"wp-block-heading\">\u00a1Comparte tus visitas!<\/h3>\n\n<p>\u00bfHas visitado recientemente un puente, un edificio, un estadio y te gustar\u00eda compartirlo? Hemos creado este mapa colaborativo para que puedas hacerlo y dar recomendaciones sobre c\u00f3mo visitar tus estructuras favoritas.<\/p>\n\n<p>Adem\u00e1s de algunos datos b\u00e1sicos, queremos saber desde d\u00f3nde se ve mejor, por qu\u00e9 deber\u00edamos hacer la visita&#8230; o si hay un sitio cerca para una buena cerveza!<\/p>\n\n<p>Para que tu visita aparezca en el mapa, solo tienes que rellenar el siguiente formulario. Cuando lo publiques, aparecer\u00e1 una <strong><mark style=\"background-color:rgba(0, 0, 0, 0)\" class=\"has-inline-color has-luminous-vivid-orange-color\">nueva marca naranja <\/mark><\/strong><mark style=\"background-color:rgba(0, 0, 0, 0)\" class=\"has-inline-color has-black-color\">en el mapa<\/mark>. <strong><mark style=\"background-color:rgba(0, 0, 0, 0);color:#c82828\" class=\"has-inline-color\">En rojo se muestran las colaboraciones verificadas por Behind A Great Project<\/mark><\/strong> (puede llevar algo de tiempo que verifiquemos tu marca, y BAGP no se hace responsable de la veracidad de las marcas no verificadas).<\/p>\n\n<p>Si has hecho fotos desde distintos sitios (por ejemplo, un puente desde debajo y desde lejos), puedes subir la misma estructura dos veces en dos localizaciones distintas.<\/p>\n\n<p>Y, por \u00faltimo, muchas gracias por compartir. Esperamos que adem\u00e1s te sea \u00fatil para planificar tus pr\u00f3ximas visitas.<\/p>\n","protected":false},"excerpt":{"rendered":"<p>\u00a1Comparte tus visitas! \u00bfHas visitado recientemente un puente, un edificio, un estadio y te gustar\u00eda compartirlo? Hemos creado este mapa colaborativo para que puedas hacerlo y dar recomendaciones sobre c\u00f3mo visitar tus estructuras favoritas. Adem\u00e1s de algunos datos b\u00e1sicos, queremos saber desde d\u00f3nde se ve mejor, por qu\u00e9 deber\u00edamos hacer la visita&#8230; o si hay [&hellip;]<\/p>\n","protected":false},"author":6,"featured_media":0,"parent":0,"menu_order":0,"comment_status":"closed","ping_status":"closed","template":"","meta":{"_acf_changed":false,"footnotes":""},"class_list":["post-1317","page","type-page","status-publish","hentry"],"acf":[],"yoast_head":"<!-- This site is optimized with the Yoast SEO plugin v26.1.1 - https:\/\/yoast.com\/wordpress\/plugins\/seo\/ -->\n<title>Visitas - Behind a Great Project<\/title>\n<meta name=\"robots\" content=\"index, follow, max-snippet:-1, max-image-preview:large, max-video-preview:-1\" \/>\n<link rel=\"canonical\" href=\"https:\/\/behindagreatproject.com\/es\/visits\/\" \/>\n<meta property=\"og:locale\" content=\"es_ES\" \/>\n<meta property=\"og:type\" content=\"article\" \/>\n<meta property=\"og:title\" content=\"Visitas - Behind a Great Project\" \/>\n<meta property=\"og:description\" content=\"\u00a1Comparte tus visitas! \u00bfHas visitado recientemente un puente, un edificio, un estadio y te gustar\u00eda compartirlo? Hemos creado este mapa colaborativo para que puedas hacerlo y dar recomendaciones sobre c\u00f3mo visitar tus estructuras favoritas. Adem\u00e1s de algunos datos b\u00e1sicos, queremos saber desde d\u00f3nde se ve mejor, por qu\u00e9 deber\u00edamos hacer la visita&#8230; o si hay [&hellip;]\" \/>\n<meta property=\"og:url\" content=\"https:\/\/behindagreatproject.com\/es\/visits\/\" \/>\n<meta property=\"og:site_name\" content=\"Behind a Great Project\" \/>\n<meta property=\"article:modified_time\" content=\"2024-02-04T04:31:12+00:00\" \/>\n<meta name=\"twitter:card\" content=\"summary_large_image\" \/>\n<meta name=\"twitter:label1\" content=\"Tiempo de lectura\" \/>\n\t<meta name=\"twitter:data1\" content=\"1 minuto\" \/>\n<script type=\"application\/ld+json\" class=\"yoast-schema-graph\">{\"@context\":\"https:\/\/schema.org\",\"@graph\":[{\"@type\":\"WebPage\",\"@id\":\"https:\/\/behindagreatproject.com\/es\/visits\/\",\"url\":\"https:\/\/behindagreatproject.com\/es\/visits\/\",\"name\":\"Visitas - Behind a Great Project\",\"isPartOf\":{\"@id\":\"https:\/\/behindagreatproject.com\/es\/#website\"},\"datePublished\":\"2024-02-01T15:52:39+00:00\",\"dateModified\":\"2024-02-04T04:31:12+00:00\",\"breadcrumb\":{\"@id\":\"https:\/\/behindagreatproject.com\/es\/visits\/#breadcrumb\"},\"inLanguage\":\"es\",\"potentialAction\":[{\"@type\":\"ReadAction\",\"target\":[\"https:\/\/behindagreatproject.com\/es\/visits\/\"]}]},{\"@type\":\"BreadcrumbList\",\"@id\":\"https:\/\/behindagreatproject.com\/es\/visits\/#breadcrumb\",\"itemListElement\":[{\"@type\":\"ListItem\",\"position\":1,\"name\":\"Home\",\"item\":\"https:\/\/behindagreatproject.com\/es\/\"},{\"@type\":\"ListItem\",\"position\":2,\"name\":\"Visitas\"}]},{\"@type\":\"WebSite\",\"@id\":\"https:\/\/behindagreatproject.com\/es\/#website\",\"url\":\"https:\/\/behindagreatproject.com\/es\/\",\"name\":\"Behind a Great Project\",\"description\":\"Great Engineering around the World\",\"potentialAction\":[{\"@type\":\"SearchAction\",\"target\":{\"@type\":\"EntryPoint\",\"urlTemplate\":\"https:\/\/behindagreatproject.com\/es\/?s={search_term_string}\"},\"query-input\":{\"@type\":\"PropertyValueSpecification\",\"valueRequired\":true,\"valueName\":\"search_term_string\"}}],\"inLanguage\":\"es\"}]}<\/script>\n<!-- \/ Yoast SEO plugin. -->","yoast_head_json":{"title":"Visitas - Behind a Great Project","robots":{"index":"index","follow":"follow","max-snippet":"max-snippet:-1","max-image-preview":"max-image-preview:large","max-video-preview":"max-video-preview:-1"},"canonical":"https:\/\/behindagreatproject.com\/es\/visits\/","og_locale":"es_ES","og_type":"article","og_title":"Visitas - Behind a Great Project","og_description":"\u00a1Comparte tus visitas! \u00bfHas visitado recientemente un puente, un edificio, un estadio y te gustar\u00eda compartirlo? Hemos creado este mapa colaborativo para que puedas hacerlo y dar recomendaciones sobre c\u00f3mo visitar tus estructuras favoritas. Adem\u00e1s de algunos datos b\u00e1sicos, queremos saber desde d\u00f3nde se ve mejor, por qu\u00e9 deber\u00edamos hacer la visita&#8230; o si hay [&hellip;]","og_url":"https:\/\/behindagreatproject.com\/es\/visits\/","og_site_name":"Behind a Great Project","article_modified_time":"2024-02-04T04:31:12+00:00","twitter_card":"summary_large_image","twitter_misc":{"Tiempo de lectura":"1 minuto"},"schema":{"@context":"https:\/\/schema.org","@graph":[{"@type":"WebPage","@id":"https:\/\/behindagreatproject.com\/es\/visits\/","url":"https:\/\/behindagreatproject.com\/es\/visits\/","name":"Visitas - Behind a Great Project","isPartOf":{"@id":"https:\/\/behindagreatproject.com\/es\/#website"},"datePublished":"2024-02-01T15:52:39+00:00","dateModified":"2024-02-04T04:31:12+00:00","breadcrumb":{"@id":"https:\/\/behindagreatproject.com\/es\/visits\/#breadcrumb"},"inLanguage":"es","potentialAction":[{"@type":"ReadAction","target":["https:\/\/behindagreatproject.com\/es\/visits\/"]}]},{"@type":"BreadcrumbList","@id":"https:\/\/behindagreatproject.com\/es\/visits\/#breadcrumb","itemListElement":[{"@type":"ListItem","position":1,"name":"Home","item":"https:\/\/behindagreatproject.com\/es\/"},{"@type":"ListItem","position":2,"name":"Visitas"}]},{"@type":"WebSite","@id":"https:\/\/behindagreatproject.com\/es\/#website","url":"https:\/\/behindagreatproject.com\/es\/","name":"Behind a Great Project","description":"Great Engineering around the World","potentialAction":[{"@type":"SearchAction","target":{"@type":"EntryPoint","urlTemplate":"https:\/\/behindagreatproject.com\/es\/?s={search_term_string}"},"query-input":{"@type":"PropertyValueSpecification","valueRequired":true,"valueName":"search_term_string"}}],"inLanguage":"es"}]}},"_links":{"self":[{"href":"https:\/\/behindagreatproject.com\/es\/wp-json\/wp\/v2\/pages\/1317","targetHints":{"allow":["GET"]}}],"collection":[{"href":"https:\/\/behindagreatproject.com\/es\/wp-json\/wp\/v2\/pages"}],"about":[{"href":"https:\/\/behindagreatproject.com\/es\/wp-json\/wp\/v2\/types\/page"}],"author":[{"embeddable":true,"href":"https:\/\/behindagreatproject.com\/es\/wp-json\/wp\/v2\/users\/6"}],"replies":[{"embeddable":true,"href":"https:\/\/behindagreatproject.com\/es\/wp-json\/wp\/v2\/comments?post=1317"}],"version-history":[{"count":5,"href":"https:\/\/behindagreatproject.com\/es\/wp-json\/wp\/v2\/pages\/1317\/revisions"}],"predecessor-version":[{"id":1339,"href":"https:\/\/behindagreatproject.com\/es\/wp-json\/wp\/v2\/pages\/1317\/revisions\/1339"}],"wp:attachment":[{"href":"https:\/\/behindagreatproject.com\/es\/wp-json\/wp\/v2\/media?parent=1317"}],"curies":[{"name":"wp","href":"https:\/\/api.w.org\/{rel}","templated":true}]}}