{"id":500,"date":"2019-12-26T18:56:27","date_gmt":"2019-12-26T18:56:27","guid":{"rendered":"https:\/\/behindagreatproject.com\/about-behind-a-great-project\/"},"modified":"2024-11-11T02:29:19","modified_gmt":"2024-11-11T02:29:19","slug":"acerca-de-behind-a-great-project","status":"publish","type":"page","link":"https:\/\/behindagreatproject.com\/es\/acerca-de-behind-a-great-project\/","title":{"rendered":"Acerca de Behind a Great Project"},"content":{"rendered":"\n<p>Detr\u00e1s de todo gran proyecto hay un gran ingeniero. <\/p>\n\n\n\n<p>Bienvenidos a Behind A Great Project, desde donde te acercamos el maravilloso mundo de las estructuras. Desde los puentes que cruzamos hasta los edificios en los que trabajamos, la ingenier\u00eda estructural nos rodea, y nosotros estamos aqu\u00ed para cont\u00e1rtelo. <\/p>\n\n\n\n<p>Adem\u00e1s, hemos creado un mapa colaborativo donde puedes compartir tus visitas a monumentos y estructuras ic\u00f3nicas, incluyendo los mejores sitios para sacar fotos y otros consejos de visita. Esperamos que disfrutes. <\/p>\n\n\n<div\r\n    \tclass=\"alignwide alignwide wp-block-tsb-team\"    id='tsbTeamMembers-1'\r\n    data-attributes='{&quot;cId&quot;:&quot;5f18b227-3&quot;,&quot;members&quot;:[{&quot;background&quot;:{&quot;color&quot;:&quot;#0000&quot;},&quot;border&quot;:{&quot;radius&quot;:&quot;3px&quot;},&quot;shadow&quot;:[{&quot;hOffset&quot;:&quot;&quot;,&quot;vOffset&quot;:&quot;&quot;,&quot;blur&quot;:&quot;0px&quot;,&quot;color&quot;:&quot;#7090b0&quot;}],&quot;photo&quot;:{&quot;id&quot;:1072,&quot;url&quot;:&quot;https:\\\/\\\/behindagreatproject.com\\\/wp-content\\\/uploads\\\/2022\\\/01\\\/ILP-red.jpg&quot;,&quot;alt&quot;:&quot;&quot;,&quot;title&quot;:&quot;Isabel&quot;},&quot;photoBorder&quot;:{&quot;radius&quot;:&quot;50%&quot;,&quot;width&quot;:&quot;0px&quot;,&quot;color&quot;:&quot;#0000&quot;},&quot;name&quot;:&quot;Isabel Lorenzo P\\u00e9rez&quot;,&quot;nameColor&quot;:&quot;#333&quot;,&quot;title&quot;:&quot;&lt;sup data-fn=\\&quot;a7351500-4256-432c-be4c-a5c17ea23eff\\&quot; class=\\&quot;fn\\&quot;&gt;&lt;a href=\\&quot;#a7351500-4256-432c-be4c-a5c17ea23eff\\&quot; id=\\&quot;a7351500-4256-432c-be4c-a5c17ea23eff-link\\&quot;&gt;*&lt;\\\/a&gt;&lt;\\\/sup&gt;&quot;,&quot;titleColor&quot;:&quot;#333&quot;,&quot;separator&quot;:{&quot;width&quot;:&quot;20%&quot;,&quot;height&quot;:&quot;3px&quot;,&quot;color&quot;:&quot;#777&quot;},&quot;bio&quot;:&quot;Ingeniera de Caminos, Canales y Puertos por la Universidad Polit\\u00e9cnica de Madrid, con experiencia en el dise\\u00f1o de puentes y estructuras de edificaci\\u00f3n en Madrid y Nueva York. Le apasiona la ingenier\\u00eda, la Historia, aprender, y divulgar lo aprendido. La ingenier\\u00eda es m\\u00e1s que un trabajo para ella.&quot;,&quot;bioColor&quot;:&quot;#333&quot;,&quot;social&quot;:[{&quot;link&quot;:&quot;https:\\\/\\\/x.com\\\/conYde_Isabel&quot;,&quot;icon&quot;:{&quot;class&quot;:&quot;fa-brands fa-x-twitter&quot;}},{&quot;link&quot;:&quot;https:\\\/\\\/www.instagram.com\\\/isabel_lorenzoperez\\\/?hl=en&quot;,&quot;icon&quot;:{&quot;class&quot;:&quot;fa-brands fa-instagram&quot;}},{&quot;link&quot;:&quot;https:\\\/\\\/www.linkedin.com\\\/in\\\/isabellorenzoperezengineer\\\/&quot;,&quot;icon&quot;:{&quot;class&quot;:&quot;fa-brands fa-linkedin-in&quot;}}],&quot;socialIconColors&quot;:{&quot;type&quot;:&quot;object&quot;,&quot;default&quot;:{&quot;color&quot;:&quot;#fff&quot;,&quot;bg&quot;:&quot;#4527a4&quot;},&quot;color&quot;:&quot;#fff&quot;,&quot;bg&quot;:&quot;rgba(155, 9, 19, 1)&quot;}},{&quot;background&quot;:{&quot;color&quot;:&quot;#0000&quot;},&quot;border&quot;:{&quot;radius&quot;:&quot;3px&quot;},&quot;shadow&quot;:[{&quot;hOffset&quot;:&quot;&quot;,&quot;vOffset&quot;:&quot;&quot;,&quot;blur&quot;:&quot;0px&quot;,&quot;color&quot;:&quot;#7090b0&quot;}],&quot;photo&quot;:{&quot;id&quot;:1888,&quot;url&quot;:&quot;https:\\\/\\\/behindagreatproject.com\\\/wp-content\\\/uploads\\\/2024\\\/11\\\/CarlosByN.jpg&quot;,&quot;alt&quot;:&quot;&quot;,&quot;title&quot;:&quot;CarlosByN&quot;},&quot;photoBorder&quot;:{&quot;radius&quot;:&quot;50%&quot;,&quot;width&quot;:&quot;0px&quot;,&quot;color&quot;:&quot;#0000&quot;},&quot;name&quot;:&quot;Carlos Polim\\u00f3n Olabarrieta&quot;,&quot;nameColor&quot;:&quot;#333&quot;,&quot;title&quot;:&quot;&lt;sup data-fn=\\&quot;2f2fa782-34d1-469a-bb00-c9dac7f3a792\\&quot; class=\\&quot;fn\\&quot;&gt;&lt;a href=\\&quot;#2f2fa782-34d1-469a-bb00-c9dac7f3a792\\&quot; id=\\&quot;2f2fa782-34d1-469a-bb00-c9dac7f3a792-link\\&quot;&gt;*&lt;\\\/a&gt;&lt;\\\/sup&gt;&quot;,&quot;titleColor&quot;:&quot;#333&quot;,&quot;separator&quot;:{&quot;width&quot;:&quot;20%&quot;,&quot;height&quot;:&quot;3px&quot;,&quot;color&quot;:&quot;#777&quot;},&quot;bio&quot;:&quot;Ingeniero de Caminos, Canales y Puertos por la Universidad Polit\\u00e9cnica de Madrid, con un cuarto de siglo de profesi\\u00f3n tanto a pie de obra como en oficina de dise\\u00f1o y direcci\\u00f3n. Enamorado de los puentes, la Historia y el Arte, le gusta contarlo y transmitirlo en la red X bajo el nombre &lt;em&gt;The General&lt;\\\/em&gt;. Considera el Museo del Prado su segunda casa.&quot;,&quot;bioColor&quot;:&quot;#333&quot;,&quot;social&quot;:[{&quot;link&quot;:&quot;https:\\\/\\\/x.com\\\/johnygrey&quot;,&quot;icon&quot;:{&quot;class&quot;:&quot;fa-brands fa-x-twitter&quot;}},{&quot;link&quot;:&quot;https:\\\/\\\/www.instagram.com\\\/thegeneral_johnygrey\\\/&quot;,&quot;icon&quot;:{&quot;class&quot;:&quot;fa-brands fa-instagram&quot;}},{&quot;link&quot;:&quot;https:\\\/\\\/www.linkedin.com\\\/in\\\/carlos-polim%C3%B3n-olabarrieta-4629bb268\\\/&quot;,&quot;icon&quot;:{&quot;class&quot;:&quot;fa-brands fa-linkedin-in&quot;}}],&quot;socialIconColors&quot;:{&quot;type&quot;:&quot;object&quot;,&quot;default&quot;:{&quot;color&quot;:&quot;#fff&quot;,&quot;bg&quot;:&quot;#4527a4&quot;},&quot;color&quot;:&quot;#fff&quot;,&quot;bg&quot;:&quot;rgba(155, 9, 19, 1)&quot;}}],&quot;columns&quot;:{&quot;desktop&quot;:2,&quot;tablet&quot;:2,&quot;mobile&quot;:1},&quot;padding&quot;:{&quot;vertical&quot;:&quot;50px&quot;,&quot;horizontal&quot;:&quot;20px&quot;,&quot;side&quot;:2,&quot;top&quot;:&quot;50px&quot;,&quot;right&quot;:&quot;20px&quot;,&quot;bottom&quot;:&quot;50px&quot;,&quot;left&quot;:&quot;20px&quot;},&quot;photoMargin&quot;:{&quot;side&quot;:4,&quot;bottom&quot;:&quot;20px&quot;,&quot;top&quot;:&quot;0px&quot;},&quot;nameTypo&quot;:{&quot;fontSize&quot;:20,&quot;fontWeight&quot;:600,&quot;textTransform&quot;:&quot;none&quot;},&quot;isTitle&quot;:false,&quot;titleTypo&quot;:{&quot;fontSize&quot;:16,&quot;textTransform&quot;:&quot;none&quot;},&quot;align&quot;:&quot;wide&quot;,&quot;columnGap&quot;:&quot;30px&quot;,&quot;rowGap&quot;:&quot;30px&quot;,&quot;layout&quot;:&quot;vertical&quot;,&quot;theme&quot;:&quot;default&quot;,&quot;isLinkNewTab&quot;:false,&quot;textAlign&quot;:&quot;center&quot;,&quot;photoWidth&quot;:&quot;170px&quot;,&quot;nameMargin&quot;:{&quot;side&quot;:4,&quot;bottom&quot;:&quot;10px&quot;},&quot;titleMargin&quot;:{&quot;side&quot;:4,&quot;bottom&quot;:&quot;10px&quot;},&quot;isSep&quot;:true,&quot;sepMargin&quot;:{&quot;side&quot;:4,&quot;bottom&quot;:&quot;15px&quot;},&quot;isBio&quot;:true,&quot;bioTypo&quot;:{&quot;fontSize&quot;:{&quot;desktop&quot;:&quot;15px&quot;}},&quot;bioMargin&quot;:{&quot;side&quot;:4,&quot;bottom&quot;:&quot;15px&quot;},&quot;isSocial&quot;:true,&quot;socialSize&quot;:&quot;22px&quot;,&quot;socialIconMargin&quot;:{&quot;side&quot;:2,&quot;vertical&quot;:&quot;10px&quot;,&quot;horizontal&quot;:&quot;10px&quot;},&quot;styles&quot;:{&quot;bg&quot;:[],&quot;width&quot;:&quot;100%&quot;,&quot;alignment&quot;:&quot;center&quot;,&quot;padding&quot;:{&quot;top&quot;:&quot;0px&quot;,&quot;right&quot;:&quot;0px&quot;,&quot;bottom&quot;:&quot;0px&quot;,&quot;left&quot;:&quot;0px&quot;},&quot;margin&quot;:{&quot;top&quot;:&quot;0px&quot;,&quot;right&quot;:&quot;0px&quot;,&quot;bottom&quot;:&quot;0px&quot;,&quot;left&quot;:&quot;0px&quot;},&quot;teamMember&quot;:{&quot;height&quot;:{&quot;desktop&quot;:&quot;100%&quot;,&quot;tablet&quot;:&quot;100%&quot;,&quot;mobile&quot;:&quot;300px&quot;},&quot;padding&quot;:{&quot;top&quot;:&quot;11px&quot;,&quot;left&quot;:&quot;11px&quot;,&quot;bottom&quot;:&quot;11px&quot;,&quot;right&quot;:&quot;11px&quot;},&quot;shape&quot;:{&quot;bg&quot;:{&quot;type&quot;:&quot;gradient&quot;,&quot;gradient&quot;:&quot;&quot;}},&quot;bg&quot;:{&quot;type&quot;:&quot;gradient&quot;,&quot;gradient&quot;:&quot;linear-gradient(83deg,rgb(255,221,64) 97%,rgba(0,0,0,0) 97%)&quot;},&quot;evenItemBg&quot;:{&quot;type&quot;:&quot;gradient&quot;,&quot;gradient&quot;:&quot;linear-gradient(277deg,rgb(255,221,64) 97%,rgba(0,0,0,0) 97%)&quot;},&quot;photo&quot;:{&quot;bg&quot;:{&quot;type&quot;:&quot;gradient&quot;,&quot;gradient&quot;:&quot;linear-gradient(274deg,rgb(47,49,58) 70%,rgb(255,221,64) 70%)&quot;},&quot;size&quot;:&quot;100px&quot;,&quot;padding&quot;:{&quot;top&quot;:&quot;8px&quot;,&quot;left&quot;:&quot;8px&quot;,&quot;bottom&quot;:&quot;8px&quot;,&quot;right&quot;:&quot;8px&quot;},&quot;radius&quot;:{&quot;top&quot;:&quot;4px&quot;,&quot;left&quot;:&quot;4px&quot;,&quot;bottom&quot;:&quot;4px&quot;,&quot;right&quot;:&quot;4px&quot;},&quot;grayScale&quot;:1,&quot;evenItemPhotoBg&quot;:{&quot;type&quot;:&quot;gradient&quot;,&quot;gradient&quot;:&quot;linear-gradient(86deg,rgb(47,49,58) 70%,rgb(255,221,64) 70%)&quot;}},&quot;name&quot;:{&quot;colors&quot;:{&quot;color&quot;:&quot;#ffdd40&quot;,&quot;bg&quot;:&quot;#282a31&quot;},&quot;padding&quot;:{&quot;top&quot;:&quot;15px&quot;,&quot;right&quot;:&quot;23px&quot;,&quot;bottom&quot;:&quot;15px&quot;,&quot;left&quot;:&quot;23px&quot;},&quot;radius&quot;:{&quot;top&quot;:&quot;4px&quot;,&quot;right&quot;:&quot;4px&quot;,&quot;bottom&quot;:&quot;4px&quot;,&quot;left&quot;:&quot;4px&quot;},&quot;typo&quot;:{&quot;fontFamily&quot;:&quot;Default&quot;,&quot;fontCategory&quot;:&quot;sans-serif&quot;,&quot;fontWeight&quot;:null,&quot;isUploadFont&quot;:true,&quot;fontSize&quot;:{&quot;desktop&quot;:&quot;20px&quot;,&quot;tablet&quot;:&quot;18px&quot;,&quot;mobile&quot;:&quot;14px&quot;},&quot;fontStyle&quot;:&quot;normal&quot;,&quot;textTransform&quot;:&quot;none&quot;,&quot;textDecoration&quot;:&quot;none&quot;,&quot;lineHeight&quot;:&quot;&quot;,&quot;letterSpace&quot;:&quot;0px&quot;}},&quot;title&quot;:{&quot;colors&quot;:{&quot;color&quot;:&quot;#2f313a&quot;,&quot;bg&quot;:&quot;#ffdd40&quot;},&quot;padding&quot;:{&quot;top&quot;:&quot;6px&quot;,&quot;right&quot;:&quot;12px&quot;,&quot;bottom&quot;:&quot;8px&quot;,&quot;left&quot;:&quot;12px&quot;},&quot;radius&quot;:{&quot;top&quot;:&quot;4px&quot;,&quot;right&quot;:&quot;4px&quot;,&quot;bottom&quot;:&quot;4px&quot;,&quot;left&quot;:&quot;4px&quot;},&quot;typo&quot;:{&quot;fontFamily&quot;:&quot;Default&quot;,&quot;fontCategory&quot;:&quot;sans-serif&quot;,&quot;fontWeight&quot;:600,&quot;isUploadFont&quot;:true,&quot;fontSize&quot;:{&quot;desktop&quot;:&quot;14px&quot;,&quot;tablet&quot;:&quot;14px&quot;,&quot;mobile&quot;:&quot;11px&quot;},&quot;fontStyle&quot;:&quot;normal&quot;,&quot;textTransform&quot;:&quot;none&quot;,&quot;textDecoration&quot;:&quot;none&quot;,&quot;lineHeight&quot;:&quot;&quot;,&quot;letterSpace&quot;:&quot;0px&quot;}},&quot;bio&quot;:{&quot;color&quot;:&quot;black&quot;,&quot;typo&quot;:{&quot;fontFamily&quot;:&quot;Default&quot;,&quot;fontCategory&quot;:&quot;sans-serif&quot;,&quot;fontWeight&quot;:null,&quot;isUploadFont&quot;:true,&quot;fontSize&quot;:{&quot;desktop&quot;:&quot;20px&quot;,&quot;tablet&quot;:&quot;20px&quot;,&quot;mobile&quot;:&quot;14px&quot;},&quot;fontStyle&quot;:&quot;normal&quot;,&quot;textTransform&quot;:&quot;none&quot;,&quot;textDecoration&quot;:&quot;none&quot;,&quot;lineHeight&quot;:&quot;&quot;,&quot;letterSpace&quot;:&quot;0px&quot;}},&quot;userName&quot;:{&quot;colors&quot;:{&quot;color&quot;:&quot;#ffdd40&quot;,&quot;bg&quot;:&quot;#2f313a&quot;},&quot;padding&quot;:{&quot;top&quot;:&quot;2px&quot;,&quot;right&quot;:&quot;8px&quot;,&quot;bottom&quot;:&quot;6px&quot;,&quot;left&quot;:&quot;8px&quot;},&quot;radius&quot;:{&quot;top&quot;:&quot;8px&quot;,&quot;right&quot;:&quot;8px&quot;,&quot;bottom&quot;:&quot;8px&quot;,&quot;left&quot;:&quot;8px&quot;},&quot;typo&quot;:{&quot;fontFamily&quot;:&quot;Default&quot;,&quot;fontCategory&quot;:&quot;sans-serif&quot;,&quot;fontWeight&quot;:null,&quot;isUploadFont&quot;:true,&quot;fontSize&quot;:{&quot;desktop&quot;:&quot;20px&quot;,&quot;tablet&quot;:&quot;20px&quot;,&quot;mobile&quot;:&quot;14px&quot;},&quot;fontStyle&quot;:&quot;normal&quot;,&quot;textTransform&quot;:&quot;none&quot;,&quot;textDecoration&quot;:&quot;none&quot;,&quot;lineHeight&quot;:&quot;&quot;,&quot;letterSpace&quot;:&quot;0px&quot;}}}},&quot;options&quot;:{&quot;showUserName&quot;:true,&quot;hoverOnScale&quot;:true,&quot;isShowWaterMark&quot;:true,&quot;waterMark&quot;:&quot;TEAM&quot;,&quot;isShowShape&quot;:true,&quot;icon&quot;:&quot;&lt;svg xmlns=&#039;http:\\\/\\\/www.w3.org\\\/2000\\\/svg&#039; viewBox=&#039;0 0 512 512&#039;&gt;&lt;path d=&#039;M502.6 278.6c12.5-12.5 12.5-32.8 0-45.3l-128-128c-12.5-12.5-32.8-12.5-45.3 0s-12.5 32.8 0 45.3L402.7 224 32 224c-17.7 0-32 14.3-32 32s14.3 32 32 32l370.7 0-73.4 73.4c-12.5 12.5-12.5 32.8 0 45.3s32.8 12.5 45.3 0l128-128z&#039;\\\/&gt;&lt;\\\/svg&gt;&quot;}}'data-pipecheck=''\r\n><\/div>","protected":false},"excerpt":{"rendered":"<p>Detr\u00e1s de todo gran proyecto hay un gran ingeniero. Bienvenidos a Behind A Great Project, desde donde te acercamos el maravilloso mundo de las estructuras. Desde los puentes que cruzamos hasta los edificios en los que trabajamos, la ingenier\u00eda estructural nos rodea, y nosotros estamos aqu\u00ed para cont\u00e1rtelo. Adem\u00e1s, hemos creado un mapa colaborativo donde [&hellip;]<\/p>\n","protected":false},"author":2,"featured_media":0,"parent":0,"menu_order":0,"comment_status":"closed","ping_status":"closed","template":"","meta":{"_acf_changed":false,"footnotes":""},"class_list":["post-500","page","type-page","status-publish","hentry"],"acf":[],"yoast_head":"<!-- This site is optimized with the Yoast SEO plugin v26.1.1 - https:\/\/yoast.com\/wordpress\/plugins\/seo\/ -->\n<title>Acerca de Behind a Great Project - Behind a Great Project<\/title>\n<meta name=\"robots\" content=\"index, follow, max-snippet:-1, max-image-preview:large, max-video-preview:-1\" \/>\n<link rel=\"canonical\" href=\"https:\/\/behindagreatproject.com\/es\/acerca-de-behind-a-great-project\/\" \/>\n<meta property=\"og:locale\" content=\"es_ES\" \/>\n<meta property=\"og:type\" content=\"article\" \/>\n<meta property=\"og:title\" content=\"Acerca de Behind a Great Project - Behind a Great Project\" \/>\n<meta property=\"og:description\" content=\"Detr\u00e1s de todo gran proyecto hay un gran ingeniero. Bienvenidos a Behind A Great Project, desde donde te acercamos el maravilloso mundo de las estructuras. Desde los puentes que cruzamos hasta los edificios en los que trabajamos, la ingenier\u00eda estructural nos rodea, y nosotros estamos aqu\u00ed para cont\u00e1rtelo. Adem\u00e1s, hemos creado un mapa colaborativo donde [&hellip;]\" \/>\n<meta property=\"og:url\" content=\"https:\/\/behindagreatproject.com\/es\/acerca-de-behind-a-great-project\/\" \/>\n<meta property=\"og:site_name\" content=\"Behind a Great Project\" \/>\n<meta property=\"article:modified_time\" content=\"2024-11-11T02:29:19+00:00\" \/>\n<meta name=\"twitter:card\" content=\"summary_large_image\" \/>\n<meta name=\"twitter:label1\" content=\"Tiempo de lectura\" \/>\n\t<meta name=\"twitter:data1\" content=\"1 minuto\" \/>\n<script type=\"application\/ld+json\" class=\"yoast-schema-graph\">{\"@context\":\"https:\/\/schema.org\",\"@graph\":[{\"@type\":\"WebPage\",\"@id\":\"https:\/\/behindagreatproject.com\/es\/acerca-de-behind-a-great-project\/\",\"url\":\"https:\/\/behindagreatproject.com\/es\/acerca-de-behind-a-great-project\/\",\"name\":\"Acerca de Behind a Great Project - Behind a Great Project\",\"isPartOf\":{\"@id\":\"https:\/\/behindagreatproject.com\/es\/#website\"},\"datePublished\":\"2019-12-26T18:56:27+00:00\",\"dateModified\":\"2024-11-11T02:29:19+00:00\",\"breadcrumb\":{\"@id\":\"https:\/\/behindagreatproject.com\/es\/acerca-de-behind-a-great-project\/#breadcrumb\"},\"inLanguage\":\"es\",\"potentialAction\":[{\"@type\":\"ReadAction\",\"target\":[\"https:\/\/behindagreatproject.com\/es\/acerca-de-behind-a-great-project\/\"]}]},{\"@type\":\"BreadcrumbList\",\"@id\":\"https:\/\/behindagreatproject.com\/es\/acerca-de-behind-a-great-project\/#breadcrumb\",\"itemListElement\":[{\"@type\":\"ListItem\",\"position\":1,\"name\":\"Home\",\"item\":\"https:\/\/behindagreatproject.com\/es\/\"},{\"@type\":\"ListItem\",\"position\":2,\"name\":\"Acerca de Behind a Great Project\"}]},{\"@type\":\"WebSite\",\"@id\":\"https:\/\/behindagreatproject.com\/es\/#website\",\"url\":\"https:\/\/behindagreatproject.com\/es\/\",\"name\":\"Behind a Great Project\",\"description\":\"Great Engineering around the World\",\"potentialAction\":[{\"@type\":\"SearchAction\",\"target\":{\"@type\":\"EntryPoint\",\"urlTemplate\":\"https:\/\/behindagreatproject.com\/es\/?s={search_term_string}\"},\"query-input\":{\"@type\":\"PropertyValueSpecification\",\"valueRequired\":true,\"valueName\":\"search_term_string\"}}],\"inLanguage\":\"es\"}]}<\/script>\n<!-- \/ Yoast SEO plugin. -->","yoast_head_json":{"title":"Acerca de Behind a Great Project - Behind a Great Project","robots":{"index":"index","follow":"follow","max-snippet":"max-snippet:-1","max-image-preview":"max-image-preview:large","max-video-preview":"max-video-preview:-1"},"canonical":"https:\/\/behindagreatproject.com\/es\/acerca-de-behind-a-great-project\/","og_locale":"es_ES","og_type":"article","og_title":"Acerca de Behind a Great Project - Behind a Great Project","og_description":"Detr\u00e1s de todo gran proyecto hay un gran ingeniero. Bienvenidos a Behind A Great Project, desde donde te acercamos el maravilloso mundo de las estructuras. Desde los puentes que cruzamos hasta los edificios en los que trabajamos, la ingenier\u00eda estructural nos rodea, y nosotros estamos aqu\u00ed para cont\u00e1rtelo. Adem\u00e1s, hemos creado un mapa colaborativo donde [&hellip;]","og_url":"https:\/\/behindagreatproject.com\/es\/acerca-de-behind-a-great-project\/","og_site_name":"Behind a Great Project","article_modified_time":"2024-11-11T02:29:19+00:00","twitter_card":"summary_large_image","twitter_misc":{"Tiempo de lectura":"1 minuto"},"schema":{"@context":"https:\/\/schema.org","@graph":[{"@type":"WebPage","@id":"https:\/\/behindagreatproject.com\/es\/acerca-de-behind-a-great-project\/","url":"https:\/\/behindagreatproject.com\/es\/acerca-de-behind-a-great-project\/","name":"Acerca de Behind a Great Project - Behind a Great Project","isPartOf":{"@id":"https:\/\/behindagreatproject.com\/es\/#website"},"datePublished":"2019-12-26T18:56:27+00:00","dateModified":"2024-11-11T02:29:19+00:00","breadcrumb":{"@id":"https:\/\/behindagreatproject.com\/es\/acerca-de-behind-a-great-project\/#breadcrumb"},"inLanguage":"es","potentialAction":[{"@type":"ReadAction","target":["https:\/\/behindagreatproject.com\/es\/acerca-de-behind-a-great-project\/"]}]},{"@type":"BreadcrumbList","@id":"https:\/\/behindagreatproject.com\/es\/acerca-de-behind-a-great-project\/#breadcrumb","itemListElement":[{"@type":"ListItem","position":1,"name":"Home","item":"https:\/\/behindagreatproject.com\/es\/"},{"@type":"ListItem","position":2,"name":"Acerca de Behind a Great Project"}]},{"@type":"WebSite","@id":"https:\/\/behindagreatproject.com\/es\/#website","url":"https:\/\/behindagreatproject.com\/es\/","name":"Behind a Great Project","description":"Great Engineering around the World","potentialAction":[{"@type":"SearchAction","target":{"@type":"EntryPoint","urlTemplate":"https:\/\/behindagreatproject.com\/es\/?s={search_term_string}"},"query-input":{"@type":"PropertyValueSpecification","valueRequired":true,"valueName":"search_term_string"}}],"inLanguage":"es"}]}},"_links":{"self":[{"href":"https:\/\/behindagreatproject.com\/es\/wp-json\/wp\/v2\/pages\/500","targetHints":{"allow":["GET"]}}],"collection":[{"href":"https:\/\/behindagreatproject.com\/es\/wp-json\/wp\/v2\/pages"}],"about":[{"href":"https:\/\/behindagreatproject.com\/es\/wp-json\/wp\/v2\/types\/page"}],"author":[{"embeddable":true,"href":"https:\/\/behindagreatproject.com\/es\/wp-json\/wp\/v2\/users\/2"}],"replies":[{"embeddable":true,"href":"https:\/\/behindagreatproject.com\/es\/wp-json\/wp\/v2\/comments?post=500"}],"version-history":[{"count":13,"href":"https:\/\/behindagreatproject.com\/es\/wp-json\/wp\/v2\/pages\/500\/revisions"}],"predecessor-version":[{"id":1908,"href":"https:\/\/behindagreatproject.com\/es\/wp-json\/wp\/v2\/pages\/500\/revisions\/1908"}],"wp:attachment":[{"href":"https:\/\/behindagreatproject.com\/es\/wp-json\/wp\/v2\/media?parent=500"}],"curies":[{"name":"wp","href":"https:\/\/api.w.org\/{rel}","templated":true}]}}